{"id":911,"date":"2016-11-03T23:54:49","date_gmt":"2016-11-03T23:54:49","guid":{"rendered":"http:\/\/www.redttu.edu.co\/es\/?page_id=911"},"modified":"2020-08-25T16:50:58","modified_gmt":"2020-08-25T21:50:58","slug":"unidad-tecnica-de-proyectos","status":"publish","type":"page","link":"https:\/\/www.redttu.edu.co\/es\/unidad-tecnica-de-proyectos\/","title":{"rendered":"Unidad T\u00e9cnica de Proyectos"},"content":{"rendered":"<div class=\"fusion-fullwidth fullwidth-box fusion-builder-row-1 hundred-percent-fullwidth non-hundred-percent-height-scrolling\" style=\"--awb-border-radius-top-left:0px;--awb-border-radius-top-right:0px;--awb-border-radius-bottom-right:0px;--awb-border-radius-bottom-left:0px;--awb-overflow:visible;--awb-flex-wrap:wrap;\" ><div class=\"fusion-builder-row fusion-row\"><div class=\"fusion-layout-column fusion_builder_column fusion-builder-column-0 fusion_builder_column_1_1 1_1 fusion-one-full fusion-column-first fusion-column-last\" style=\"--awb-bg-size:cover;\"><div class=\"fusion-column-wrapper fusion-flex-column-wrapper-legacy\"><div class=\"fusion-column-content-centered\"><div class=\"fusion-column-content\"><iframe id=\"iframe_container\" webkitallowfullscreen=\"yes\" mozallowfullscreen=\"yes\" allowfullscreen=\"yes\" src=\"https:\/\/prezi.com\/embed\/jr6npy_ucvs_\/?bgcolor=ffffff&lock_to_path=0&autoplay=0&autohide_ctrls=0&landing_data=bHVZZmNaNDBIWnNjdEVENDRhZDFNZGNIUE43MHdLNWpsdFJLb2ZHanI0cTNSWFdIREdmWFc3TGl2SXZnQy90VWxRPT0&landing_sign=G7NLx2GjYlktF8qjcJm0eIOVhvFBMzL7PWJYgsDjf2E\" width=\"100%\" height=\"540\" frameborder=\"0\"><\/iframe><div class=\"fusion-text fusion-text-1\"><p style=\"text-align: center;\"><em>Esta presentaci\u00f3n esta hecha en <a href=\"http:\/\/prezi.com\/jr6npy_ucvs_\/?utm_campaign=share&amp;utm_medium=copy&amp;rc=ex0share\" target=\"_blank\" rel=\"noopener noreferrer\">Prezi.com<\/a>, para su ejecuci\u00f3n es necesario que tenga instalada la \u00faltima versi\u00f3n de complemento de Adobe Flash.<\/em><\/p>\n<\/div><div class=\"fusion-text fusion-text-2\"><p style=\"text-align: center;\"><strong>Somos la Red Colombiana de colaboraci\u00f3n entre Instituciones de Educaci\u00f3n Superior, de car\u00e1cter t\u00e9cnicas profesionales, tecnol\u00f3gicas y universitarias p\u00fablicas \u2013ITTU\u2013.<\/strong><\/p>\n<\/div><div class=\"fusion-title title fusion-title-1 fusion-sep-none fusion-title-text fusion-title-size-one\"><h1 class=\"fusion-title-heading title-heading-left fusion-responsive-typography-calculated\" style=\"margin:0;--fontSize:34;line-height:1.41;\">Unidad T\u00e9cnica de Proyectos Especiales<\/h1><\/div><div class=\"fusion-text fusion-text-3\"><p>La Unidad T\u00e9cnica de Proyectos Especiales de la <strong>REDTTU<\/strong>, propender\u00e1 por materializar sus propias iniciativas y aquellas que le formulen los diversos actores del Sistema de Educaci\u00f3n Superior, en orden al dise\u00f1o, presentaci\u00f3n y ejecuci\u00f3n de proyectos de car\u00e1cter cient\u00edfico, acad\u00e9mico, cultural y de gesti\u00f3n relacionadas con la educaci\u00f3n t\u00e9cnica y tecnol\u00f3gica.<\/p>\n<\/div><div class=\"fusion-align-block\"><a class=\"fusion-button button-flat button-large button-default fusion-button-default button-1 fusion-button-span-yes fusion-button-default-type\" target=\"_blank\" rel=\"noopener noreferrer\" href=\"http:\/\/prezi.com\/jr6npy_ucvs_\/?utm_campaign=share&amp;utm_medium=copy&amp;rc=ex0share\"><i class=\" fa fa-arrow-circle-o-right button-icon-left\" aria-hidden=\"true\"><\/i><span class=\"fusion-button-text\">Ver la presentaci\u00f3n en Prezi.com<\/span><\/a><\/div><\/div><\/div><div class=\"fusion-clearfix\"><\/div><\/div><\/div><\/div><\/div>\n","protected":false},"excerpt":{"rendered":"","protected":false},"author":1,"featured_media":0,"parent":0,"menu_order":0,"comment_status":"closed","ping_status":"closed","template":"","meta":{"footnotes":""},"class_list":["post-911","page","type-page","status-publish","hentry"],"_links":{"self":[{"href":"https:\/\/www.redttu.edu.co\/es\/wp-json\/wp\/v2\/pages\/911","targetHints":{"allow":["GET"]}}],"collection":[{"href":"https:\/\/www.redttu.edu.co\/es\/wp-json\/wp\/v2\/pages"}],"about":[{"href":"https:\/\/www.redttu.edu.co\/es\/wp-json\/wp\/v2\/types\/page"}],"author":[{"embeddable":true,"href":"https:\/\/www.redttu.edu.co\/es\/wp-json\/wp\/v2\/users\/1"}],"replies":[{"embeddable":true,"href":"https:\/\/www.redttu.edu.co\/es\/wp-json\/wp\/v2\/comments?post=911"}],"version-history":[{"count":27,"href":"https:\/\/www.redttu.edu.co\/es\/wp-json\/wp\/v2\/pages\/911\/revisions"}],"predecessor-version":[{"id":4694,"href":"https:\/\/www.redttu.edu.co\/es\/wp-json\/wp\/v2\/pages\/911\/revisions\/4694"}],"wp:attachment":[{"href":"https:\/\/www.redttu.edu.co\/es\/wp-json\/wp\/v2\/media?parent=911"}],"curies":[{"name":"wp","href":"https:\/\/api.w.org\/{rel}","templated":true}]}}