{"id":15,"date":"2015-12-11T15:33:49","date_gmt":"2015-12-11T15:33:49","guid":{"rendered":"http:\/\/localhost\/Dropbox\/site\/redttu\/es\/?page_id=15"},"modified":"2018-12-18T11:36:24","modified_gmt":"2018-12-18T16:36:24","slug":"servicios","status":"publish","type":"page","link":"https:\/\/www.redttu.edu.co\/es\/servicios\/","title":{"rendered":"Servicios"},"content":{"rendered":"<p><div class=\"fusion-fullwidth fullwidth-box fusion-builder-row-1 hundred-percent-fullwidth non-hundred-percent-height-scrolling\" style=\"--awb-background-position:left top;--awb-border-radius-top-left:0px;--awb-border-radius-top-right:0px;--awb-border-radius-bottom-right:0px;--awb-border-radius-bottom-left:0px;--awb-padding-top:0px;--awb-padding-right:0px;--awb-padding-bottom:0px;--awb-padding-left:0px;--awb-border-sizes-top:0px;--awb-border-sizes-bottom:0px;--awb-flex-wrap:wrap;\" ><div class=\"fusion-builder-row fusion-row\"><div class=\"fusion-layout-column fusion_builder_column fusion-builder-column-0 fusion_builder_column_1_1 1_1 fusion-one-full fusion-column-first fusion-column-last fusion-column-no-min-height\" style=\"--awb-bg-size:cover;--awb-margin-bottom:0px;\"><div class=\"fusion-column-wrapper fusion-flex-column-wrapper-legacy\">\t\t\t\t\t<div class=\"fusion-slider-container fusion-slider-sc-servicios fusion-slider-12 full-width-slider\" style=\"height:550px; max-width:100%;\" data-id=\"12\" data-full_height=\"\">\n\t\t\t\t\t\t<style type=\"text\/css\">.fusion-slider-12 .flex-direction-nav a {width:63px;height:63px;line-height:63px;font-size:25px;}<\/style>\t\t\t\t\t\t<div class=\"fusion-slider-loading\">Cargando...<\/div>\n\t\t\t\t\t\t<div class=\"tfs-slider flexslider main-flex full-width-slider\" data-slider_width=\"100%\" data-slider_height=\"550px\" data-full_screen=\"0\" data-parallax=\"0\" data-nav_arrows=\"1\" data-pagination_circles=\"1\" data-autoplay=\"1\" data-loop=\"1\" data-animation=\"slide\" data-slideshow_speed=\"7000\" data-animation_speed=\"600\" data-typo_sensitivity=\"1\" data-typo_factor=\"1.5\" data-nav_box_width=\"63px\" data-nav_box_height=\"63px\" data-nav_arrow_size=\"25px\" style=\"max-width:100%;\">\n\t\t\t\t\t\t\t<ul class=\"slides\">\n\t\t\t\t\t\t\t\t\t\t\t\t\t\t\t\t\t<li data-mute=\"yes\" data-loop=\"yes\" data-autoplay=\"yes\">\n\t\t\t\t\t\t\t\t\t\t<div class=\"slide-content-container slide-content-center\" style=\"display: none;\">\n\t\t\t\t\t\t\t\t\t\t\t<div class=\"slide-content\" style=\"\">\n\t\t\t\t\t\t\t\t\t\t\t\t\t\t\t\t\t\t\t\t\t\t\t\t\t<div class=\"heading \">\n\t\t\t\t\t\t\t\t\t\t\t\t\t\t<div class=\"fusion-title-sc-wrapper\" style=\"\">\n\t\t\t\t\t\t\t\t\t\t\t\t\t\t\t<div class=\"fusion-title title fusion-title-1 fusion-sep-none fusion-title-center fusion-title-text fusion-title-size-two\" style=\"--awb-text-color:#be0a26;--awb-margin-bottom:0px;--awb-sep-color:#be0a26;--awb-font-size:36px;\"><h2 class=\"fusion-title-heading title-heading-center fusion-responsive-typography-calculated\" style=\"margin:0;font-size:1em;--fontSize:36;line-height:1.2;\">Nuestros servicios<\/h2><\/div>\t\t\t\t\t\t\t\t\t\t\t\t\t\t<\/div>\n\t\t\t\t\t\t\t\t\t\t\t\t\t<\/div>\n\t\t\t\t\t\t\t\t\t\t\t\t\t\t\t\t\t\t\t\t\t\t\t\t\t\t\t\t\t\t\t\t\t\t\t\t\t<div class=\"caption \">\n\t\t\t\t\t\t\t\t\t\t\t\t\t\t<div class=\"fusion-title-sc-wrapper\" style=\"\">\n\t\t\t\t\t\t\t\t\t\t\t\t\t\t\t<div class=\"fusion-title title fusion-title-2 fusion-sep-none fusion-title-center fusion-title-text fusion-title-size-three\" style=\"--awb-margin-bottom:0px;--awb-font-size:20px;\"><h3 class=\"fusion-title-heading title-heading-center fusion-responsive-typography-calculated\" style=\"margin:0;font-size:1em;--fontSize:20;--minFontSize:20;line-height:1.2;\">Ni\u00f1as estudiantes de Media de colegios p\u00fablicos de Santa Marta participantes en taller de la REDTTU<\/h3><\/div>\t\t\t\t\t\t\t\t\t\t\t\t\t\t<\/div>\n\t\t\t\t\t\t\t\t\t\t\t\t\t<\/div>\n\t\t\t\t\t\t\t\t\t\t\t\t\t\t\t\t\t\t\t\t\t\t\t\t\t\t\t\t\t\t\t\t\t\t\t\t\t<div class=\"buttons\" >\n\t\t\t\t\t\t\t\t\t\t\t\t\t\t\t\t\t\t\t\t\t\t\t\t\t\t\t\t\t\t\t\t\t\t\t\t\t\t\t\t\t<\/div>\n\t\t\t\t\t\t\t\t\t\t\t\t\t\t\t\t\t\t\t\t\t\t\t<\/div>\n\t\t\t\t\t\t\t\t\t\t<\/div>\n\t\t\t\t\t\t\t\t\t\t\t\t\t\t\t\t\t\t\t\t\t\t\t\t\t\t\t\t\t\t\t\t\t\t\t\t\t\t\t\t<div class=\"background background-image\" style=\"background-image: url(https:\/\/www.redttu.edu.co\/es\/wp-content\/uploads\/2015\/12\/banner_servicios_1.jpg);max-width:100%;height:550px;filter: progid:DXImageTransform.Microsoft.AlphaImageLoader(src='https:\/\/www.redttu.edu.co\/es\/wp-content\/uploads\/2015\/12\/banner_servicios_1.jpg', sizingMethod='scale');\" data-imgwidth=\"1200\">\n\t\t\t\t\t\t\t\t\t\t\t\t\t\t\t\t\t\t\t\t\t\t\t\t\t\t\t\t\t\t\t\t\t\t\t\t\t\t\t\t\t\t\t\t\t\t\t\t\t\t\t\t\t\t\t\t\t\t\t\t\t\t\t\t\t\t<\/div>\n\t\t\t\t\t\t\t\t\t<\/li>\n\t\t\t\t\t\t\t\t\t\t\t\t\t\t\t\t\t<li data-mute=\"yes\" data-loop=\"yes\" data-autoplay=\"yes\">\n\t\t\t\t\t\t\t\t\t\t<div class=\"slide-content-container slide-content-center\" style=\"display: none;\">\n\t\t\t\t\t\t\t\t\t\t\t<div class=\"slide-content\" style=\"\">\n\t\t\t\t\t\t\t\t\t\t\t\t\t\t\t\t\t\t\t\t\t\t\t\t\t<div class=\"heading \">\n\t\t\t\t\t\t\t\t\t\t\t\t\t\t<div class=\"fusion-title-sc-wrapper\" style=\"\">\n\t\t\t\t\t\t\t\t\t\t\t\t\t\t\t<div class=\"fusion-title title fusion-title-3 fusion-sep-none fusion-title-center fusion-title-text fusion-title-size-two\" style=\"--awb-text-color:#be0a26;--awb-margin-bottom:0px;--awb-sep-color:#be0a26;--awb-font-size:36px;\"><h2 class=\"fusion-title-heading title-heading-center fusion-responsive-typography-calculated\" style=\"margin:0;font-size:1em;--fontSize:36;line-height:1.2;\">Nuestros Servicios<\/h2><\/div>\t\t\t\t\t\t\t\t\t\t\t\t\t\t<\/div>\n\t\t\t\t\t\t\t\t\t\t\t\t\t<\/div>\n\t\t\t\t\t\t\t\t\t\t\t\t\t\t\t\t\t\t\t\t\t\t\t\t\t\t\t\t\t\t\t\t\t\t\t\t\t<div class=\"caption \">\n\t\t\t\t\t\t\t\t\t\t\t\t\t\t<div class=\"fusion-title-sc-wrapper\" style=\"\">\n\t\t\t\t\t\t\t\t\t\t\t\t\t\t\t<div class=\"fusion-title title fusion-title-4 fusion-sep-none fusion-title-center fusion-title-text fusion-title-size-three\" style=\"--awb-margin-bottom:0px;--awb-font-size:20px;\"><h3 class=\"fusion-title-heading title-heading-center fusion-responsive-typography-calculated\" style=\"margin:0;font-size:1em;--fontSize:20;--minFontSize:20;line-height:1.2;\">Equipo de trabajo de la REDTTU en Santa Marta y como invitado especial el presidente de FODESEP<\/h3><\/div>\t\t\t\t\t\t\t\t\t\t\t\t\t\t<\/div>\n\t\t\t\t\t\t\t\t\t\t\t\t\t<\/div>\n\t\t\t\t\t\t\t\t\t\t\t\t\t\t\t\t\t\t\t\t\t\t\t\t\t\t\t\t\t\t\t\t\t\t\t\t\t<div class=\"buttons\" >\n\t\t\t\t\t\t\t\t\t\t\t\t\t\t\t\t\t\t\t\t\t\t\t\t\t\t\t\t\t\t\t\t\t\t\t\t\t\t\t\t\t<\/div>\n\t\t\t\t\t\t\t\t\t\t\t\t\t\t\t\t\t\t\t\t\t\t\t<\/div>\n\t\t\t\t\t\t\t\t\t\t<\/div>\n\t\t\t\t\t\t\t\t\t\t\t\t\t\t\t\t\t\t\t\t\t\t\t\t\t\t\t\t\t\t\t\t\t\t\t\t\t\t\t\t<div class=\"background background-image\" style=\"background-image: url(https:\/\/www.redttu.edu.co\/es\/wp-content\/uploads\/2015\/12\/banner_servicios_santamarta.jpg);max-width:100%;height:550px;filter: progid:DXImageTransform.Microsoft.AlphaImageLoader(src='https:\/\/www.redttu.edu.co\/es\/wp-content\/uploads\/2015\/12\/banner_servicios_santamarta.jpg', sizingMethod='scale');\" data-imgwidth=\"1200\">\n\t\t\t\t\t\t\t\t\t\t\t\t\t\t\t\t\t\t\t\t\t\t\t\t\t\t\t\t\t\t\t\t\t\t\t\t\t\t\t\t\t\t\t\t\t\t\t\t\t\t\t\t\t\t\t\t\t\t\t\t\t\t\t\t\t\t<\/div>\n\t\t\t\t\t\t\t\t\t<\/li>\n\t\t\t\t\t\t\t\t\t\t\t\t\t\t\t\t\t<li data-mute=\"yes\" data-loop=\"yes\" data-autoplay=\"yes\">\n\t\t\t\t\t\t\t\t\t\t<div class=\"slide-content-container slide-content-center\" style=\"display: none;\">\n\t\t\t\t\t\t\t\t\t\t\t<div class=\"slide-content\" style=\"\">\n\t\t\t\t\t\t\t\t\t\t\t\t\t\t\t\t\t\t\t\t\t\t\t\t\t<div class=\"heading \">\n\t\t\t\t\t\t\t\t\t\t\t\t\t\t<div class=\"fusion-title-sc-wrapper\" style=\"\">\n\t\t\t\t\t\t\t\t\t\t\t\t\t\t\t<div class=\"fusion-title title fusion-title-5 fusion-sep-none fusion-title-center fusion-title-text fusion-title-size-two\" style=\"--awb-text-color:#be0a26;--awb-margin-bottom:0px;--awb-sep-color:#be0a26;--awb-font-size:36px;\"><h2 class=\"fusion-title-heading title-heading-center fusion-responsive-typography-calculated\" style=\"margin:0;font-size:1em;--fontSize:36;line-height:1.2;\">Nuestros Servicios<\/h2><\/div>\t\t\t\t\t\t\t\t\t\t\t\t\t\t<\/div>\n\t\t\t\t\t\t\t\t\t\t\t\t\t<\/div>\n\t\t\t\t\t\t\t\t\t\t\t\t\t\t\t\t\t\t\t\t\t\t\t\t\t\t\t\t\t\t\t\t\t\t\t\t\t<div class=\"caption \">\n\t\t\t\t\t\t\t\t\t\t\t\t\t\t<div class=\"fusion-title-sc-wrapper\" style=\"\">\n\t\t\t\t\t\t\t\t\t\t\t\t\t\t\t<div class=\"fusion-title title fusion-title-6 fusion-sep-none fusion-title-center fusion-title-text fusion-title-size-three\" style=\"--awb-margin-bottom:0px;--awb-font-size:20px;\"><h3 class=\"fusion-title-heading title-heading-center fusion-responsive-typography-calculated\" style=\"margin:0;font-size:1em;--fontSize:20;--minFontSize:20;line-height:1.2;\">Reuni\u00f3n de trabajo de rectores de la REDTTU en Bogot\u00e1<\/h3><\/div>\t\t\t\t\t\t\t\t\t\t\t\t\t\t<\/div>\n\t\t\t\t\t\t\t\t\t\t\t\t\t<\/div>\n\t\t\t\t\t\t\t\t\t\t\t\t\t\t\t\t\t\t\t\t\t\t\t\t\t\t\t\t\t\t\t\t\t\t\t\t\t<div class=\"buttons\" >\n\t\t\t\t\t\t\t\t\t\t\t\t\t\t\t\t\t\t\t\t\t\t\t\t\t\t\t\t\t\t\t\t\t\t\t\t\t\t\t\t\t<\/div>\n\t\t\t\t\t\t\t\t\t\t\t\t\t\t\t\t\t\t\t\t\t\t\t<\/div>\n\t\t\t\t\t\t\t\t\t\t<\/div>\n\t\t\t\t\t\t\t\t\t\t\t\t\t\t\t\t\t\t\t\t\t\t\t\t\t\t\t\t\t\t\t\t\t\t\t\t\t\t\t\t<div class=\"background background-image\" style=\"background-image: url(https:\/\/www.redttu.edu.co\/es\/wp-content\/uploads\/2015\/12\/banner_servicios_cosultoria.jpg);max-width:100%;height:550px;filter: progid:DXImageTransform.Microsoft.AlphaImageLoader(src='https:\/\/www.redttu.edu.co\/es\/wp-content\/uploads\/2015\/12\/banner_servicios_cosultoria.jpg', sizingMethod='scale');\" data-imgwidth=\"1200\">\n\t\t\t\t\t\t\t\t\t\t\t\t\t\t\t\t\t\t\t\t\t\t\t\t\t\t\t\t\t\t\t\t\t\t\t\t\t\t\t\t\t\t\t\t\t\t\t\t\t\t\t\t\t\t\t\t\t\t\t\t\t\t\t\t\t\t<\/div>\n\t\t\t\t\t\t\t\t\t<\/li>\n\t\t\t\t\t\t\t\t\t\t\t\t\t\t\t\t\t<li data-mute=\"yes\" data-loop=\"yes\" data-autoplay=\"yes\">\n\t\t\t\t\t\t\t\t\t\t<div class=\"slide-content-container slide-content-center\" style=\"display: none;\">\n\t\t\t\t\t\t\t\t\t\t\t<div class=\"slide-content\" style=\"\">\n\t\t\t\t\t\t\t\t\t\t\t\t\t\t\t\t\t\t\t\t\t\t\t\t\t<div class=\"heading \">\n\t\t\t\t\t\t\t\t\t\t\t\t\t\t<div class=\"fusion-title-sc-wrapper\" style=\"\">\n\t\t\t\t\t\t\t\t\t\t\t\t\t\t\t<div class=\"fusion-title title fusion-title-7 fusion-sep-none fusion-title-center fusion-title-text fusion-title-size-two\" style=\"--awb-text-color:#be0a26;--awb-margin-bottom:0px;--awb-sep-color:#be0a26;--awb-font-size:36px;\"><h2 class=\"fusion-title-heading title-heading-center fusion-responsive-typography-calculated\" style=\"margin:0;font-size:1em;--fontSize:36;line-height:1.2;\">Nuestros Servicios<\/h2><\/div>\t\t\t\t\t\t\t\t\t\t\t\t\t\t<\/div>\n\t\t\t\t\t\t\t\t\t\t\t\t\t<\/div>\n\t\t\t\t\t\t\t\t\t\t\t\t\t\t\t\t\t\t\t\t\t\t\t\t\t\t\t\t\t\t\t\t\t\t\t\t\t<div class=\"caption \">\n\t\t\t\t\t\t\t\t\t\t\t\t\t\t<div class=\"fusion-title-sc-wrapper\" style=\"\">\n\t\t\t\t\t\t\t\t\t\t\t\t\t\t\t<div class=\"fusion-title title fusion-title-8 fusion-sep-none fusion-title-center fusion-title-text fusion-title-size-three\" style=\"--awb-margin-bottom:0px;--awb-font-size:20px;\"><h3 class=\"fusion-title-heading title-heading-center fusion-responsive-typography-calculated\" style=\"margin:0;font-size:1em;--fontSize:20;--minFontSize:20;line-height:1.2;\">Estudiantes de Media de colegios p\u00fablicos de Santa Marta participantes en taller de la REDTTU<\/h3><\/div>\t\t\t\t\t\t\t\t\t\t\t\t\t\t<\/div>\n\t\t\t\t\t\t\t\t\t\t\t\t\t<\/div>\n\t\t\t\t\t\t\t\t\t\t\t\t\t\t\t\t\t\t\t\t\t\t\t\t\t\t\t\t\t\t\t\t\t\t\t\t\t<div class=\"buttons\" >\n\t\t\t\t\t\t\t\t\t\t\t\t\t\t\t\t\t\t\t\t\t\t\t\t\t\t\t\t\t\t\t\t\t\t\t\t\t\t\t\t\t<\/div>\n\t\t\t\t\t\t\t\t\t\t\t\t\t\t\t\t\t\t\t\t\t\t\t<\/div>\n\t\t\t\t\t\t\t\t\t\t<\/div>\n\t\t\t\t\t\t\t\t\t\t\t\t\t\t\t\t\t\t\t\t\t\t\t\t\t\t\t\t\t\t\t\t\t\t\t\t\t\t\t\t<div class=\"background background-image\" style=\"background-image: url(https:\/\/www.redttu.edu.co\/es\/wp-content\/uploads\/2015\/12\/banner_principal_estudiantes.jpg);max-width:100%;height:550px;filter: progid:DXImageTransform.Microsoft.AlphaImageLoader(src='https:\/\/www.redttu.edu.co\/es\/wp-content\/uploads\/2015\/12\/banner_principal_estudiantes.jpg', sizingMethod='scale');\" data-imgwidth=\"1200\">\n\t\t\t\t\t\t\t\t\t\t\t\t\t\t\t\t\t\t\t\t\t\t\t\t\t\t\t\t\t\t\t\t\t\t\t\t\t\t\t\t\t\t\t\t\t\t\t\t\t\t\t\t\t\t\t\t\t\t\t\t\t\t\t\t\t\t<\/div>\n\t\t\t\t\t\t\t\t\t<\/li>\n\t\t\t\t\t\t\t\t\t\t\t\t\t\t\t\t\t\t\t\t\t\t\t<\/ul>\n\t\t\t\t\t\t<\/div>\n\t\t\t\t\t<\/div>\n\t\t\t\t\t\t\t\t<div class=\"fusion-clearfix\"><\/div><\/div><\/div><\/div><\/div><div class=\"fusion-fullwidth fullwidth-box fusion-builder-row-2 nonhundred-percent-fullwidth non-hundred-percent-height-scrolling\" style=\"--awb-background-position:left top;--awb-border-color:#f4f4f4;--awb-border-radius-top-left:0px;--awb-border-radius-top-right:0px;--awb-border-radius-bottom-right:0px;--awb-border-radius-bottom-left:0px;--awb-padding-top:40px;--awb-padding-bottom:40px;--awb-background-color:#f4f4f4;--awb-border-sizes-top:0px;--awb-border-sizes-bottom:0px;--awb-flex-wrap:wrap;\" ><div class=\"fusion-builder-row fusion-row\"><div class=\"fusion-layout-column fusion_builder_column fusion-builder-column-1 fusion_builder_column_1_1 1_1 fusion-one-full fusion-column-first fusion-column-last fusion-column-no-min-height\" style=\"--awb-bg-size:cover;--awb-margin-bottom:0px;\"><div class=\"fusion-column-wrapper fusion-flex-column-wrapper-legacy\"><div class=\"fusion-text fusion-text-1\"><h2 style=\"text-align: center; margin-bottom: 20px;\">SOBRE LOS SERVICIOS<\/h2>\n<ol>\n<li>Promover y facilitar el intercambio acad\u00e9mico de estudiantes, profesores y personal administrativo entre los asociados en la modalidad de pasant\u00edas, transferencias, comisiones, intercambios nacionales e internacionales y dem\u00e1s modalidades que se correspondan con los intereses institucionales de la <strong>REDTTU<\/strong>.<\/li>\n<li>Implementar acciones de cooperaci\u00f3n no reembolsables y gesti\u00f3n de\u00a0 recursos financieros y t\u00e9cnicos\u00a0 para apoyar proyectos educativos de la <strong>REDTTU<\/strong>, buscando estrechar los v\u00ednculos entre los sistemas educativos con diferentes pa\u00edses a trav\u00e9s del intercambio de experiencias significativas.<\/li>\n<li>Coordinar la prestaci\u00f3n de servicios de educaci\u00f3n continua,\u00a0 as\u00ed como de servicios tecnol\u00f3gicos para coadyuvar con la autonom\u00eda de gesti\u00f3n y la independencia econ\u00f3mica de la <strong>REDTTU<\/strong>.<\/li>\n<li>Impulsar el desarrollo de acuerdos de colaboraci\u00f3n con el sector productivo para el mantenimiento y consolidaci\u00f3n de una educaci\u00f3n pertinente y de calidad.<\/li>\n<li>Realizar actividades que favorezcan la plena integraci\u00f3n acad\u00e9mica de las instituciones miembros,\u00a0 especialmente en la ejecuci\u00f3n de programas, planes y proyectos de desarrollo comunes que beneficien a las entidades asociadas.<\/li>\n<li>Promover el fortalecimiento de la Educaci\u00f3n T\u00e9cnica Profesional,\u00a0 Tecnol\u00f3gica y Universitaria.<\/li>\n<li>Emprender acciones coordinadas para desarrollar programas, planes y proyectos\u00a0 de docencia, investigaci\u00f3n y extensi\u00f3n en todos los campos del saber, en beneficio de las entidades asociadas y de la comunidad acad\u00e9mica.<\/li>\n<li>Celebrar contratos o convenios con entidades\u00a0 del sector p\u00fablico y privado,\u00a0 nacionales o internacionales, regionales o territoriales, para administrar recursos destinados a la gerencia,\u00a0 ejecuci\u00f3n o evaluaci\u00f3n de proyectos, conforme a las\u00a0 leyes vigentes.<\/li>\n<li>Celebrar contratos y convenios para el desarrollo de su objeto social, con sujeci\u00f3n a las leyes vigentes, a las normas que rigen a las entidades de este g\u00e9nero y de conformidad con los presentes estatutos.<\/li>\n<li>Ejercer derechos y contraer obligaciones, de acuerdo con su personalidad jur\u00eddica y aceptar donaciones o legados para la realizaci\u00f3n de su objeto social.<\/li>\n<li>Desarrollar actividades de consultor\u00eda tales como gerencia y ejecuci\u00f3n de proyectos\u00a0 en cualquiera de las etapas, financiados con recursos p\u00fablicos o privados, as\u00ed como las dem\u00e1s actividades de consultor\u00eda previstas en la ley, con el apoyo de talento humano calificado.<\/li>\n<li>Propender por la integraci\u00f3n institucional de las entidades miembros, y por el desarrollo acad\u00e9mico, cultural y econ\u00f3mico de la regi\u00f3n donde funcionan las IES asociadas.<\/li>\n<li>Servir como instrumento de gesti\u00f3n y reflexi\u00f3n para contribuir al fortalecimiento del dise\u00f1o de las pol\u00edticas p\u00fablicas de educaci\u00f3n superior en el pa\u00eds.<\/li>\n<li>Realizar\u00a0 actividades para el mejoramiento de la infraestructura de las Instituciones que conforman la <strong>REDTTU<\/strong>, mediante la\u00a0 implementaci\u00f3n de proyectos innovadores que conduzcan al aprovechamiento m\u00e1ximo de infraestructura t\u00e9cnica y tecnol\u00f3gica, en procesos tanto acad\u00e9micos como administrativos.<\/li>\n<li>Adquirir el dominio p\u00fablico <a href=\"http:\/\/www.redttu.edu.co\">www.redttu.edu.co <\/a>con el prop\u00f3sito de difundir la misi\u00f3n y programas de la <strong>REDTTU<\/strong> y promover sus intereses.<\/li>\n<\/ol>\n<\/div><div class=\"fusion-clearfix\"><\/div><\/div><\/div><\/div><\/div><div class=\"fusion-fullwidth fullwidth-box fusion-builder-row-3 nonhundred-percent-fullwidth non-hundred-percent-height-scrolling\" style=\"--awb-background-position:left top;--awb-border-radius-top-left:0px;--awb-border-radius-top-right:0px;--awb-border-radius-bottom-right:0px;--awb-border-radius-bottom-left:0px;--awb-padding-top:40px;--awb-padding-bottom:20px;--awb-border-sizes-top:0px;--awb-border-sizes-bottom:0px;--awb-flex-wrap:wrap;\" ><div class=\"fusion-builder-row fusion-row\"><div class=\"fusion-layout-column fusion_builder_column fusion-builder-column-2 fusion_builder_column_1_1 1_1 fusion-one-full fusion-column-first fusion-column-last fusion-column-no-min-height\" style=\"--awb-bg-size:cover;--awb-margin-bottom:0px;\"><div class=\"fusion-column-wrapper fusion-flex-column-wrapper-legacy\"><div class=\"fusion-recent-posts fusion-recent-posts-1 avada-container layout-default layout-columns-3\" id=\"redttu-servicios\"><section class=\"fusion-columns columns fusion-columns-3 columns-3\"><article class=\"post fusion-column column col col-lg-4 col-md-4 col-sm-4\"><div class=\"fusion-flexslider fusion-flexslider-loading flexslider flexslider-hover-type-none\"><ul class=\"slides\"><li><a href=\"https:\/\/www.redttu.edu.co\/es\/otro-servicio\/\" aria-label=\"Otros servicios\" class=\"hover-type-none\"><img decoding=\"async\" width=\"700\" height=\"441\" src=\"https:\/\/www.redttu.edu.co\/es\/wp-content\/uploads\/2016\/01\/servicios_otros-700x441.jpg\" class=\"attachment-recent-posts size-recent-posts\" alt=\"\" srcset=\"https:\/\/www.redttu.edu.co\/es\/wp-content\/uploads\/2016\/01\/servicios_otros-320x202.jpg 320w, https:\/\/www.redttu.edu.co\/es\/wp-content\/uploads\/2016\/01\/servicios_otros-700x441.jpg 700w\" sizes=\"(max-width: 700px) 100vw, 700px\" \/><\/a><\/li><\/ul><\/div><div class=\"recent-posts-content\"><span class=\"vcard\" style=\"display: none;\"><span class=\"fn\"><a href=\"https:\/\/www.redttu.edu.co\/es\/author\/comunicaciones\/\" title=\"Entradas de Comunicaciones\" rel=\"author\">Comunicaciones<\/a><\/span><\/span><span class=\"updated\" style=\"display:none;\">2018-12-18T11:36:33-05:00<\/span><h4 class=\"entry-title\"><a href=\"https:\/\/www.redttu.edu.co\/es\/otro-servicio\/\">Otros servicios<\/a><\/h4><\/div><\/article><article class=\"post fusion-column column col col-lg-4 col-md-4 col-sm-4\"><div class=\"fusion-flexslider fusion-flexslider-loading flexslider flexslider-hover-type-none\"><ul class=\"slides\"><li><a href=\"https:\/\/www.redttu.edu.co\/es\/asesorias\/\" aria-label=\"Asesor\u00edas\" class=\"hover-type-none\"><img decoding=\"async\" width=\"700\" height=\"441\" src=\"https:\/\/www.redttu.edu.co\/es\/wp-content\/uploads\/2016\/01\/servicios_asesorias-700x441.jpg\" class=\"attachment-recent-posts size-recent-posts\" alt=\"\" srcset=\"https:\/\/www.redttu.edu.co\/es\/wp-content\/uploads\/2016\/01\/servicios_asesorias-320x202.jpg 320w, https:\/\/www.redttu.edu.co\/es\/wp-content\/uploads\/2016\/01\/servicios_asesorias-700x441.jpg 700w\" sizes=\"(max-width: 700px) 100vw, 700px\" \/><\/a><\/li><\/ul><\/div><div class=\"recent-posts-content\"><span class=\"vcard\" style=\"display: none;\"><span class=\"fn\"><a href=\"https:\/\/www.redttu.edu.co\/es\/author\/comunicaciones\/\" title=\"Entradas de Comunicaciones\" rel=\"author\">Comunicaciones<\/a><\/span><\/span><span class=\"updated\" style=\"display:none;\">2016-01-12T22:35:53-05:00<\/span><h4 class=\"entry-title\"><a href=\"https:\/\/www.redttu.edu.co\/es\/asesorias\/\">Asesor\u00edas<\/a><\/h4><\/div><\/article><article class=\"post fusion-column column col col-lg-4 col-md-4 col-sm-4\"><div class=\"fusion-flexslider fusion-flexslider-loading flexslider flexslider-hover-type-none\"><ul class=\"slides\"><li><a href=\"https:\/\/www.redttu.edu.co\/es\/consultorias\/\" aria-label=\"Consultor\u00edas\" class=\"hover-type-none\"><img decoding=\"async\" width=\"700\" height=\"441\" src=\"https:\/\/www.redttu.edu.co\/es\/wp-content\/uploads\/2016\/01\/servicios_consultorias-700x441.jpg\" class=\"attachment-recent-posts size-recent-posts\" alt=\"\" srcset=\"https:\/\/www.redttu.edu.co\/es\/wp-content\/uploads\/2016\/01\/servicios_consultorias-320x202.jpg 320w, https:\/\/www.redttu.edu.co\/es\/wp-content\/uploads\/2016\/01\/servicios_consultorias-700x441.jpg 700w\" sizes=\"(max-width: 700px) 100vw, 700px\" \/><\/a><\/li><\/ul><\/div><div class=\"recent-posts-content\"><span class=\"vcard\" style=\"display: none;\"><span class=\"fn\"><a href=\"https:\/\/www.redttu.edu.co\/es\/author\/comunicaciones\/\" title=\"Entradas de Comunicaciones\" rel=\"author\">Comunicaciones<\/a><\/span><\/span><span class=\"updated\" style=\"display:none;\">2016-01-12T22:36:01-05:00<\/span><h4 class=\"entry-title\"><a href=\"https:\/\/www.redttu.edu.co\/es\/consultorias\/\">Consultor\u00edas<\/a><\/h4><\/div><\/article><\/section><\/div><div class=\"fusion-clearfix\"><\/div><\/div><\/div><\/div><\/div><\/p>\n","protected":false},"excerpt":{"rendered":"","protected":false},"author":1,"featured_media":0,"parent":0,"menu_order":0,"comment_status":"closed","ping_status":"closed","template":"100-width.php","meta":{"footnotes":""},"class_list":["post-15","page","type-page","status-publish","hentry"],"_links":{"self":[{"href":"https:\/\/www.redttu.edu.co\/es\/wp-json\/wp\/v2\/pages\/15","targetHints":{"allow":["GET"]}}],"collection":[{"href":"https:\/\/www.redttu.edu.co\/es\/wp-json\/wp\/v2\/pages"}],"about":[{"href":"https:\/\/www.redttu.edu.co\/es\/wp-json\/wp\/v2\/types\/page"}],"author":[{"embeddable":true,"href":"https:\/\/www.redttu.edu.co\/es\/wp-json\/wp\/v2\/users\/1"}],"replies":[{"embeddable":true,"href":"https:\/\/www.redttu.edu.co\/es\/wp-json\/wp\/v2\/comments?post=15"}],"version-history":[{"count":15,"href":"https:\/\/www.redttu.edu.co\/es\/wp-json\/wp\/v2\/pages\/15\/revisions"}],"predecessor-version":[{"id":3035,"href":"https:\/\/www.redttu.edu.co\/es\/wp-json\/wp\/v2\/pages\/15\/revisions\/3035"}],"wp:attachment":[{"href":"https:\/\/www.redttu.edu.co\/es\/wp-json\/wp\/v2\/media?parent=15"}],"curies":[{"name":"wp","href":"https:\/\/api.w.org\/{rel}","templated":true}]}}