{"id":201,"date":"2016-01-23T23:03:36","date_gmt":"2016-01-23T23:03:36","guid":{"rendered":"http:\/\/www.redttu.edu.co\/en\/?page_id=201"},"modified":"2019-02-15T11:41:21","modified_gmt":"2019-02-15T16:41:21","slug":"history","status":"publish","type":"page","link":"https:\/\/www.redttu.edu.co\/en\/history\/","title":{"rendered":"History"},"content":{"rendered":"<div class=\"fusion-fullwidth fullwidth-box fusion-builder-row-1 nonhundred-percent-fullwidth non-hundred-percent-height-scrolling\" style=\"--awb-border-radius-top-left:0px;--awb-border-radius-top-right:0px;--awb-border-radius-bottom-right:0px;--awb-border-radius-bottom-left:0px;--awb-flex-wrap:wrap;\" ><div class=\"fusion-builder-row fusion-row\"><div class=\"fusion-layout-column fusion_builder_column fusion-builder-column-0 fusion_builder_column_1_1 1_1 fusion-one-full fusion-column-first fusion-column-last\" style=\"--awb-bg-size:cover;--awb-margin-bottom:0px;\"><div class=\"fusion-column-wrapper fusion-flex-column-wrapper-legacy\"><div class=\"fusion-text fusion-text-1\"><h2 style=\"text-align: center;\">OUR HISTORY<\/h2>\n<p style=\"text-align: justify;\">In order to foster the strengthening of technical and technological education in Colombia, in 2009 the National Ministry of Education created spaces that allowed for the interaction between the directors of institutions at this level of education, in order to structure proposals geared towards incentivizing their positioning as a key axis for competitiveness and productivity in the country.<\/p>\n<p>The proposal to create a collaboration network between higher technical and technological education institutions emerged from these scenarios of participation \u2013 which to this day bears the name <strong>REDTTU<\/strong> -, in order to foster the strengthening of the Teaching, Research, Social Outreach, Management and Internationalization aspects of Higher Education Institutions (IES by its Spanish acronym), creating visibility, recognition and positioning for Technical and Technological Education, thus contributing to the Colombian Education System.<\/p>\n<p>The <strong>REDTTU<\/strong> Incorporation Assembly was held in the city of Cartagena on March 19, 2010, with the participation of the following Higher Education Institutions as founding members:<\/p>\n<p style=\"padding-left: 30px;\">1.- Colegio Integrado Nacional del Oriente de Caldas -CINOC-<\/p>\n<p style=\"padding-left: 30px;\">2.- Colegio Mayor de Antioquia-COLMAYOR ANTIOQUIA<\/p>\n<p style=\"padding-left: 30px;\">3.- Colegio Mayor de Bol\u00edvar-COLMAYOR BOLIVAR<\/p>\n<p style=\"padding-left: 30px;\">4.- Colegio Mayor del Cauca-UNIMAYOR CAUCA<\/p>\n<p style=\"padding-left: 30px;\">5.- Escuela Tecnol\u00f3gica Instituto T\u00e9cnico Central -ITC-Bogot\u00e1<\/p>\n<p style=\"padding-left: 30px;\">6.- Instituto de Educaci\u00f3n T\u00e9cnica Profesional de Roldanillo, Valle -INTEP-<\/p>\n<p style=\"padding-left: 30px;\">7.- Instituto Nacional de Formaci\u00f3n T\u00e9cnica Profesional de San Andr\u00e9s -INFOTEP SAN ANDR\u00c9S<\/p>\n<p style=\"padding-left: 30px;\">8.- Instituto Nacional de Formaci\u00f3n T\u00e9cnica Profesional de Ci\u00e9naga -INFOTEP CIENAGA<\/p>\n<p style=\"padding-left: 30px;\">9.- Instituto Nacional de Formaci\u00f3n T\u00e9cnica Profesional de San Juan del Cesar -INFOTEP SAN JUAN DEL CESAR-<\/p>\n<p style=\"padding-left: 30px;\">10.- Instituto Superior de Educaci\u00f3n Rural -ISER-Pamplona, Norte de Santander<\/p>\n<p style=\"padding-left: 30px;\">11.- Instituto T\u00e9cnico Agr\u00edcola -ITA-Buga, Valle<\/p>\n<p style=\"padding-left: 30px;\">12.- Instituto T\u00e9cnico Nacional de Comercio -INTENALCO- Cali<\/p>\n<p style=\"padding-left: 30px;\">13.- Instituto Tecnol\u00f3gico de Soledad, Atl\u00e1ntico -ITSA-<\/p>\n<p style=\"padding-left: 30px;\">14.- Instituto Tecnol\u00f3gico del Putumayo -ITP-Mocoa<\/p>\n<p style=\"padding-left: 30px;\">15.- Instituto Tolimense de Formaci\u00f3n T\u00e9cnica Profesional -ITFIP- El Espinal<\/p>\n<p>*Currently, there are 29 affiliate institutions that comprise the IES-TTU universe in the country, as follows:<\/p>\n<p style=\"padding-left: 30px;\">16.- Conservatorio del Tolima- Ibague<\/p>\n<p style=\"padding-left: 30px;\">17.- Instituci\u00f3n Universitaria Escuela Nacional del Deporte- ENDEPORTE- Cali<\/p>\n<p style=\"padding-left: 30px;\">18.- Escuela Superior Tecnol\u00f3gica de Artes D\u00e9bora Arango-Envigado<\/p>\n<p style=\"padding-left: 30px;\">19.- Instituci\u00f3n Universitaria Antonio Jos\u00e9 Camacho-UNIAJC- Cali<\/p>\n<p style=\"padding-left: 30px;\">20.- Instituci\u00f3n Universitaria Bellas Artes y Ciencias de Bol\u00edvar- UNIBAC-Cartagena<\/p>\n<p style=\"padding-left: 30px;\">21.- Instituci\u00f3n Universitaria de Envigado-IUE<\/p>\n<p style=\"padding-left: 30px;\">22.- Instituci\u00f3n Universitaria Pascual Bravo-Medellin<\/p>\n<p style=\"padding-left: 30px;\">23.- Instituci\u00f3n Universitaria Tecnol\u00f3gico de Antioquia-TDA-Medellin<\/p>\n<p style=\"padding-left: 30px;\">24.- Instituto Departamental de Bellas Artes-Cali<\/p>\n<p style=\"padding-left: 30px;\">25.- Instituto Tecnol\u00f3gico Metropolitano-ITM-Medellin<\/p>\n<p style=\"padding-left: 30px;\">26.- InstitutoUniversitario de La Paz-UNIPAZ -Barrancabermeja<\/p>\n<p style=\"padding-left: 30px;\">27.- Polit\u00e9cnicoColombiano Jaime Isaza Cadavid-Medell\u00edn<\/p>\n<p style=\"padding-left: 30px;\">28.- Unidad Central del Valle del Cauca-UCEVA-Tulu\u00e1<\/p>\n<p style=\"padding-left: 30px;\">29.- Unidades Tecnol\u00f3gicas de Santander \u2013UTS-Bucaramanga<\/p>\n<\/div><div class=\"fusion-clearfix\"><\/div><\/div><\/div><\/div><\/div>\n","protected":false},"excerpt":{"rendered":"","protected":false},"author":1,"featured_media":0,"parent":0,"menu_order":0,"comment_status":"closed","ping_status":"closed","template":"","meta":{"footnotes":""},"_links":{"self":[{"href":"https:\/\/www.redttu.edu.co\/en\/wp-json\/wp\/v2\/pages\/201"}],"collection":[{"href":"https:\/\/www.redttu.edu.co\/en\/wp-json\/wp\/v2\/pages"}],"about":[{"href":"https:\/\/www.redttu.edu.co\/en\/wp-json\/wp\/v2\/types\/page"}],"author":[{"embeddable":true,"href":"https:\/\/www.redttu.edu.co\/en\/wp-json\/wp\/v2\/users\/1"}],"replies":[{"embeddable":true,"href":"https:\/\/www.redttu.edu.co\/en\/wp-json\/wp\/v2\/comments?post=201"}],"version-history":[{"count":5,"href":"https:\/\/www.redttu.edu.co\/en\/wp-json\/wp\/v2\/pages\/201\/revisions"}],"predecessor-version":[{"id":276,"href":"https:\/\/www.redttu.edu.co\/en\/wp-json\/wp\/v2\/pages\/201\/revisions\/276"}],"wp:attachment":[{"href":"https:\/\/www.redttu.edu.co\/en\/wp-json\/wp\/v2\/media?parent=201"}],"curies":[{"name":"wp","href":"https:\/\/api.w.org\/{rel}","templated":true}]}}